{"id":395,"date":"2024-05-22T06:14:21","date_gmt":"2024-05-22T06:14:21","guid":{"rendered":"https:\/\/so3.noahbengaard.dk\/?page_id=395"},"modified":"2024-05-22T08:01:20","modified_gmt":"2024-05-22T08:01:20","slug":"dansk-artikel","status":"publish","type":"page","link":"https:\/\/so3.noahbengaard.dk\/index.php\/dansk-artikel\/","title":{"rendered":"Dansk Artikel"},"content":{"rendered":"\t\t<div data-elementor-type=\"wp-page\" data-elementor-id=\"395\" class=\"elementor elementor-395\">\n\t\t\t\t<div class=\"elementor-element elementor-element-1098a91 e-flex e-con-boxed e-con e-parent\" data-id=\"1098a91\" data-element_type=\"container\">\n\t\t\t\t\t<div class=\"e-con-inner\">\n\t\t\t\t<div class=\"elementor-element elementor-element-1e3d3a6 elementor-widget elementor-widget-heading\" data-id=\"1e3d3a6\" data-element_type=\"widget\" data-widget_type=\"heading.default\">\n\t\t\t\t<div class=\"elementor-widget-container\">\n\t\t\t<style>\/*! elementor - v3.21.0 - 20-05-2024 *\/\n.elementor-heading-title{padding:0;margin:0;line-height:1}.elementor-widget-heading .elementor-heading-title[class*=elementor-size-]>a{color:inherit;font-size:inherit;line-height:inherit}.elementor-widget-heading .elementor-heading-title.elementor-size-small{font-size:15px}.elementor-widget-heading .elementor-heading-title.elementor-size-medium{font-size:19px}.elementor-widget-heading .elementor-heading-title.elementor-size-large{font-size:29px}.elementor-widget-heading .elementor-heading-title.elementor-size-xl{font-size:39px}.elementor-widget-heading .elementor-heading-title.elementor-size-xxl{font-size:59px}<\/style><h2 class=\"elementor-heading-title elementor-size-default\">Dansk Tema Avis<\/h2>\t\t<\/div>\n\t\t\t\t<\/div>\n\t\t\t\t<div class=\"elementor-element elementor-element-0560c52 elementor-widget elementor-widget-image\" data-id=\"0560c52\" data-element_type=\"widget\" data-widget_type=\"image.default\">\n\t\t\t\t<div class=\"elementor-widget-container\">\n\t\t\t<style>\/*! elementor - v3.21.0 - 20-05-2024 *\/\n.elementor-widget-image{text-align:center}.elementor-widget-image a{display:inline-block}.elementor-widget-image a img[src$=\".svg\"]{width:48px}.elementor-widget-image img{vertical-align:middle;display:inline-block}<\/style>\t\t\t\t\t\t\t\t\t\t<img fetchpriority=\"high\" decoding=\"async\" width=\"492\" height=\"696\" src=\"https:\/\/so3.noahbengaard.dk\/wp-content\/uploads\/2024\/05\/Forside-Tema-Avis.png\" class=\"attachment-full size-full wp-image-495\" alt=\"\" srcset=\"https:\/\/so3.noahbengaard.dk\/wp-content\/uploads\/2024\/05\/Forside-Tema-Avis.png 492w, https:\/\/so3.noahbengaard.dk\/wp-content\/uploads\/2024\/05\/Forside-Tema-Avis-212x300.png 212w\" sizes=\"(max-width: 492px) 100vw, 492px\" \/>\t\t\t\t\t\t\t\t\t\t\t\t\t<\/div>\n\t\t\t\t<\/div>\n\t\t\t\t\t<\/div>\n\t\t\t\t<\/div>\n\t\t<div class=\"elementor-element elementor-element-8c3f67a e-flex e-con-boxed e-con e-parent\" data-id=\"8c3f67a\" data-element_type=\"container\">\n\t\t\t\t\t<div class=\"e-con-inner\">\n\t\t\t\t<div class=\"elementor-element elementor-element-fac6ae6 elementor-widget elementor-widget-text-editor\" data-id=\"fac6ae6\" data-element_type=\"widget\" data-widget_type=\"text-editor.default\">\n\t\t\t\t<div class=\"elementor-widget-container\">\n\t\t\t<style>\/*! elementor - v3.21.0 - 20-05-2024 *\/\n.elementor-widget-text-editor.elementor-drop-cap-view-stacked .elementor-drop-cap{background-color:#69727d;color:#fff}.elementor-widget-text-editor.elementor-drop-cap-view-framed .elementor-drop-cap{color:#69727d;border:3px solid;background-color:transparent}.elementor-widget-text-editor:not(.elementor-drop-cap-view-default) .elementor-drop-cap{margin-top:8px}.elementor-widget-text-editor:not(.elementor-drop-cap-view-default) .elementor-drop-cap-letter{width:1em;height:1em}.elementor-widget-text-editor .elementor-drop-cap{float:left;text-align:center;line-height:1;font-size:50px}.elementor-widget-text-editor .elementor-drop-cap-letter{display:inline-block}<\/style>\t\t\t\t<p>\u00a0<\/p><h1><b>B\u00f8rns ret til selvidentifikation versus samfundets forventninger<\/b><\/h1><h2><span style=\"font-weight: 400;\">B\u00f8r b\u00f8rn tage stilling til deres egen k\u00f8nsidentitet, og hvor stor en rolle spiller deres for\u00e6ldre og samfundet i denne proces?<\/span><\/h2><p><span style=\"font-weight: 400;\">Af Asger S., Bastian B., Clara J. &amp; Noah B.<\/span><\/p><h3><b>\u201cB\u00f8rn skal have lov til at v\u00e6re b\u00f8rn\u201d<\/b><\/h3><p><span style=\"font-weight: 400;\">Oftest n\u00e5r emnet <\/span><i><span style=\"font-weight: 400;\">k\u00f8nsskifte for b\u00f8rn<\/span><\/i><span style=\"font-weight: 400;\"> bliver bragt op, skaber det stor debat. Mange mener, man skal bare \u201clade b\u00f8rn v\u00e6re b\u00f8rn\u201d, da der i forvejen er mange ting, der fylder i deres hverdag. Hvis man sp\u00f8rger Mette Abildgaard fra Det Konservative Folkeparti, har hun en meget st\u00e6rk holdning. Hun har p\u00e5 vegne af Det <\/span><span style=\"font-weight: 400;\">Konservative Folkeparti udtalt sig \u201c<\/span><i><span style=\"font-weight: 400;\">Det er helt forkert, at b\u00f8rn skal tage stilling til, hvilket k\u00f8n de er. Det sker s\u00e5 meget i b\u00f8rn og unges udviling, hormonnelt og f\u00f8lelsesm\u00e6ssigt, at det kun vil skabe mere forvirring, hvis k\u00f8n g\u00f8res til noget, man kan v\u00e6lge til eller fra. B\u00f8rn skal have lov til at v\u00e6re b\u00f8rn, og de skal have lov til at lege og eksperiemtere med k\u00f8n og seksulitet uden at skull beslutte, hvilken \u2018boks\u2019 de tilh\u00f8rer.<\/span><\/i><span style=\"font-weight: 400;\">\u201d If\u00f8lge en unders\u00f8gelse, foretaget af American Academy of Pediatrics, har fundet ud af at 94% af transk\u00f8nnede b\u00f8rn, der skiftede k\u00f8n i alderen 6-10 \u00e5r, forbliver det nye k\u00f8n, og derved ikke skifter tilbage. Derved kan argumentet \u201c<\/span><i><span style=\"font-weight: 400;\">Hvad nu hvis de fortryder senere?<\/span><\/i><span style=\"font-weight: 400;\">\u201d nedl\u00e6gges.\u00a0<\/span><\/p><p><br \/><br \/><\/p><h3><b>Lov og politik om k\u00f8n<\/b><\/h3><p><span style=\"font-weight: 400;\">I \u00e5r 2022 besluttede regeringspartierne at b\u00f8rn helt ned til 0 \u00e5r ved lov at kunne f\u00e5 juridisk k\u00f8nsskifte. Der er efterf\u00f8lgende lavet en unders\u00f8gelse der viser hvad de forskellige partier mener om beslutningen. Hvert parti har f\u00e5et s\u00e6tningen \u201cB\u00f8rn helt ned til nul \u00e5r skal kunne f\u00e5 foretaget juridisk k\u00f8nsskifte.\u201d\u00a0<\/span><\/p><p><span style=\"font-weight: 400;\">Partierne har kunne svare p\u00e5 en skala fra helt uenig til helt enig, og har kunne uddybe deres svar. For Eksempel svarede Venstre helt uenig og siger\u00a0<\/span><\/p><p><i><span style=\"font-weight: 400;\">\u201c<\/span><\/i><i><span style=\"font-weight: 400;\">Venstre st\u00f8tter ikke de r\u00f8de partiers forslag om at tillade juridisk k\u00f8nsskifte til sp\u00e6db\u00f8rn. Venstre mener, at aldersgr\u00e6nsen for juridisk k\u00f8nsskifte (med for\u00e6ldresamtykke) skal s\u00e6ttes ved 15 \u00e5r, da dette er aldersgr\u00e6nsen for at kunne give informeret samtykke i det \u00f8vrige sundhedsv\u00e6sen.<\/span><\/i><i><span style=\"font-weight: 400;\">\u201d<\/span><\/i><span style=\"font-weight: 400;\"> &#8211; Sophie L\u00f8hde.<\/span><\/p><p><span style=\"font-weight: 400;\">Hvorimod er et parti som Enhedslisten enig. <\/span><i><span style=\"font-weight: 400;\">&#8220;B\u00f8rn skal have ret til at skifte deres CPR-nummer med for\u00e6ldrenes samtykke og efter alderssvarende r\u00e5dgivning. Det betyder rigtig meget for trivslen for transk\u00f8nnede b\u00f8rn.&#8221; <\/span><\/i><span style=\"font-weight: 400;\">&#8211; Mai Villadsen. Nogle mener alts\u00e5 at det er fint for b\u00f8rn at skifte deres k\u00f8n hvorimod andre mener det er et overgreb p\u00e5 br\u00f8rnene.<\/span><\/p><h3><b>Luka ville gerne v\u00e6re dreng<\/b><\/h3><p><span style=\"font-weight: 400;\">Luka blev ikke tildelt den rigtige k\u00f8nsidentitet ved f\u00f8dslen og dermed ogs\u00e5 det forkerte navn &#8220;Ella&#8221;, i starten var der ingen problemer med det tildelte navn. Men allerede siden Luka har kunne snakke, har han tiltalt sig selv som \u201cham\u201d. Luka var heller ikke interesseret i typiske pige-ting, han ville ikke have lyser\u00f8dt t\u00f8j. Det har selvf\u00f8lgelig skabt problemer i skolen i det at l\u00e6rere har det med at k\u00f8nsopdele klassen og n\u00e5r Luka s\u00e5 h\u00f8re \u201calle drengene herover&#8221; g\u00e5r Luka selvf\u00f8lgelig derover men bliver s\u00e5 fortalt at han skal g\u00e5 over til pigerne fordi at l\u00e6rerne stadigv\u00e6k tror at Luka er en pige. For Lukas venner er det helt naturligt at kalde Luka for \u201cham\u201d s\u00e5 der er ingen problemer der, det er tilsyneladende kun voksne der har sv\u00e6rt ved at forst\u00e5 at Luka er en dreng.<\/span><\/p><p>\u00a0<\/p><h3><b>Mediers p\u00e5virkning p\u00e5 b\u00f8rn<\/b><\/h3><p><span style=\"font-weight: 400;\">B\u00e5de p\u00e5 sociale medier og i film er det blevet en norm at se folk der tilh\u00f8rer alle mulige forskellige rammer. Det er blevet en norm at der altid er mindst en karakter der er til samme k\u00f8n eller en transk\u00f8nnet. Da store firmaer og filminstitutter er bange for at diskriminere, er der kommet nogle nye normer for, hvad der skal v\u00e6re med i en film. At det er en norm, p\u00e5virker b\u00f8rn til at lege med ideen om karakterens ideologier. Hvis deres favorit karakter er transk\u00f8nnet er der st\u00f8rre sandsynlighed for at b\u00f8rnene vil begynde at f\u00f8lge deres idelogi.<\/span><\/p><p><span style=\"font-weight: 400;\">Hvis et barn fra en ung alder begynder at f\u00f8lge flere og flere transk\u00f8nnede influencers, vil deres syn p\u00e5 LGBTQ+ blive meget anderledes end de normer og v\u00e6rdier, der er i nutidens samfund, hvor mange stadig g\u00e5r op i det bin\u00e6re k\u00f8nssystem. P\u00e5 samme tid er der ogs\u00e5 mange der udtrykker holdninger, som er imod LGBTQ+. Det kan p\u00e5virke b\u00f8rnene negativt.<\/span><\/p>\t\t\t\t\t\t<\/div>\n\t\t\t\t<\/div>\n\t\t\t\t\t<\/div>\n\t\t\t\t<\/div>\n\t\t\t\t<\/div>\n\t\t","protected":false},"excerpt":{"rendered":"<p>Dansk Tema Avis \u00a0 B\u00f8rns ret til selvidentifikation versus samfundets forventninger B\u00f8r b\u00f8rn tage stilling til deres egen k\u00f8nsidentitet, og hvor stor en rolle spiller deres for\u00e6ldre og samfundet i denne proces? Af Asger S., Bastian B., Clara J. &amp; Noah B. \u201cB\u00f8rn skal have lov til at v\u00e6re b\u00f8rn\u201d Oftest n\u00e5r emnet k\u00f8nsskifte for [&hellip;]<\/p>\n","protected":false},"author":2,"featured_media":0,"parent":0,"menu_order":0,"comment_status":"closed","ping_status":"closed","template":"","meta":{"footnotes":""},"class_list":["post-395","page","type-page","status-publish","hentry"],"_links":{"self":[{"href":"https:\/\/so3.noahbengaard.dk\/index.php\/wp-json\/wp\/v2\/pages\/395","targetHints":{"allow":["GET"]}}],"collection":[{"href":"https:\/\/so3.noahbengaard.dk\/index.php\/wp-json\/wp\/v2\/pages"}],"about":[{"href":"https:\/\/so3.noahbengaard.dk\/index.php\/wp-json\/wp\/v2\/types\/page"}],"author":[{"embeddable":true,"href":"https:\/\/so3.noahbengaard.dk\/index.php\/wp-json\/wp\/v2\/users\/2"}],"replies":[{"embeddable":true,"href":"https:\/\/so3.noahbengaard.dk\/index.php\/wp-json\/wp\/v2\/comments?post=395"}],"version-history":[{"count":10,"href":"https:\/\/so3.noahbengaard.dk\/index.php\/wp-json\/wp\/v2\/pages\/395\/revisions"}],"predecessor-version":[{"id":542,"href":"https:\/\/so3.noahbengaard.dk\/index.php\/wp-json\/wp\/v2\/pages\/395\/revisions\/542"}],"wp:attachment":[{"href":"https:\/\/so3.noahbengaard.dk\/index.php\/wp-json\/wp\/v2\/media?parent=395"}],"curies":[{"name":"wp","href":"https:\/\/api.w.org\/{rel}","templated":true}]}}